{"id":2835,"date":"2023-04-12T09:17:17","date_gmt":"2023-04-12T07:17:17","guid":{"rendered":"https:\/\/venicescape.elan42.com\/about-us\/"},"modified":"2025-10-09T11:57:20","modified_gmt":"2025-10-09T09:57:20","slug":"about-us","status":"publish","type":"page","link":"https:\/\/venicescape.com\/es\/about-us\/","title":{"rendered":"Quienes somos"},"content":{"rendered":"\t\t<div data-elementor-type=\"wp-post\" data-elementor-id=\"2835\" class=\"elementor elementor-2835 elementor-7\" data-elementor-post-type=\"page\">\n\t\t\t\t\t\t<section class=\"elementor-section elementor-top-section elementor-element elementor-element-19d4da4 elementor-section-boxed elementor-section-height-default elementor-section-height-default\" data-id=\"19d4da4\" data-element_type=\"section\" data-e-type=\"section\">\n\t\t\t\t\t\t<div class=\"elementor-container elementor-column-gap-default\">\n\t\t\t\t\t<div class=\"elementor-column elementor-col-100 elementor-top-column elementor-element elementor-element-51bb69a\" data-id=\"51bb69a\" data-element_type=\"column\" data-e-type=\"column\">\n\t\t\t<div class=\"elementor-widget-wrap elementor-element-populated\">\n\t\t\t\t\t\t<div class=\"elementor-element elementor-element-13d7d1f elementor-widget elementor-widget-text-editor\" data-id=\"13d7d1f\" data-element_type=\"widget\" data-e-type=\"widget\" data-widget_type=\"text-editor.default\">\n\t\t\t\t<div class=\"elementor-widget-container\">\n\t\t\t\t\t\t\t\t\t<p>About<\/p>\t\t\t\t\t\t\t\t<\/div>\n\t\t\t\t<\/div>\n\t\t\t\t<section class=\"elementor-section elementor-inner-section elementor-element elementor-element-6a4b1b9 elementor-section-boxed elementor-section-height-default elementor-section-height-default\" data-id=\"6a4b1b9\" data-element_type=\"section\" data-e-type=\"section\">\n\t\t\t\t\t\t<div class=\"elementor-container elementor-column-gap-default\">\n\t\t\t\t\t<div class=\"elementor-column elementor-col-25 elementor-inner-column elementor-element elementor-element-dd23ae0\" data-id=\"dd23ae0\" data-element_type=\"column\" data-e-type=\"column\">\n\t\t\t<div class=\"elementor-widget-wrap\">\n\t\t\t\t\t\t\t<\/div>\n\t\t<\/div>\n\t\t\t\t<div class=\"elementor-column elementor-col-25 elementor-inner-column elementor-element elementor-element-23ae941\" data-id=\"23ae941\" data-element_type=\"column\" data-e-type=\"column\">\n\t\t\t<div class=\"elementor-widget-wrap elementor-element-populated\">\n\t\t\t\t\t\t<div class=\"elementor-element elementor-element-3f80905 elementor-widget elementor-widget-image\" data-id=\"3f80905\" data-element_type=\"widget\" data-e-type=\"widget\" data-widget_type=\"image.default\">\n\t\t\t\t<div class=\"elementor-widget-container\">\n\t\t\t\t\t\t\t\t\t\t\t\t\t\t\t<img fetchpriority=\"high\" decoding=\"async\" width=\"300\" height=\"300\" src=\"https:\/\/venicescape.com\/wp-content\/uploads\/2025\/10\/Federico-e-Cristina-1-300x300.jpg\" class=\"attachment-medium size-medium wp-image-4589\" alt=\"\" srcset=\"https:\/\/venicescape.com\/wp-content\/uploads\/2025\/10\/Federico-e-Cristina-1-300x300.jpg 300w, https:\/\/venicescape.com\/wp-content\/uploads\/2025\/10\/Federico-e-Cristina-1-1024x1024.jpg 1024w, https:\/\/venicescape.com\/wp-content\/uploads\/2025\/10\/Federico-e-Cristina-1-150x150.jpg 150w, https:\/\/venicescape.com\/wp-content\/uploads\/2025\/10\/Federico-e-Cristina-1-768x768.jpg 768w, https:\/\/venicescape.com\/wp-content\/uploads\/2025\/10\/Federico-e-Cristina-1.jpg 1200w\" sizes=\"(max-width: 300px) 100vw, 300px\" \/>\t\t\t\t\t\t\t\t\t\t\t\t\t\t\t<\/div>\n\t\t\t\t<\/div>\n\t\t\t\t\t<\/div>\n\t\t<\/div>\n\t\t\t\t<div class=\"elementor-column elementor-col-25 elementor-inner-column elementor-element elementor-element-12ae2d8\" data-id=\"12ae2d8\" data-element_type=\"column\" data-e-type=\"column\">\n\t\t\t<div class=\"elementor-widget-wrap elementor-element-populated\">\n\t\t\t\t\t\t<div class=\"elementor-element elementor-element-009c42e elementor-widget elementor-widget-image\" data-id=\"009c42e\" data-element_type=\"widget\" data-e-type=\"widget\" data-widget_type=\"image.default\">\n\t\t\t\t<div class=\"elementor-widget-container\">\n\t\t\t\t\t\t\t\t\t\t\t\t\t\t\t<img decoding=\"async\" width=\"226\" height=\"300\" src=\"https:\/\/venicescape.com\/wp-content\/uploads\/2025\/10\/venicescape-carlo-alberto-226x300.jpeg\" class=\"attachment-medium size-medium wp-image-4626\" alt=\"\" srcset=\"https:\/\/venicescape.com\/wp-content\/uploads\/2025\/10\/venicescape-carlo-alberto-226x300.jpeg 226w, https:\/\/venicescape.com\/wp-content\/uploads\/2025\/10\/venicescape-carlo-alberto-771x1024.jpeg 771w, https:\/\/venicescape.com\/wp-content\/uploads\/2025\/10\/venicescape-carlo-alberto-768x1020.jpeg 768w, https:\/\/venicescape.com\/wp-content\/uploads\/2025\/10\/venicescape-carlo-alberto.jpeg 800w\" sizes=\"(max-width: 226px) 100vw, 226px\" \/>\t\t\t\t\t\t\t\t\t\t\t\t\t\t\t<\/div>\n\t\t\t\t<\/div>\n\t\t\t\t\t<\/div>\n\t\t<\/div>\n\t\t\t\t<div class=\"elementor-column elementor-col-25 elementor-inner-column elementor-element elementor-element-2b7687f\" data-id=\"2b7687f\" data-element_type=\"column\" data-e-type=\"column\">\n\t\t\t<div class=\"elementor-widget-wrap\">\n\t\t\t\t\t\t\t<\/div>\n\t\t<\/div>\n\t\t\t\t\t<\/div>\n\t\t<\/section>\n\t\t\t\t<section class=\"elementor-section elementor-inner-section elementor-element elementor-element-1ae1323 elementor-section-boxed elementor-section-height-default elementor-section-height-default\" data-id=\"1ae1323\" data-element_type=\"section\" data-e-type=\"section\">\n\t\t\t\t\t\t<div class=\"elementor-container elementor-column-gap-default\">\n\t\t\t\t\t<div class=\"elementor-column elementor-col-50 elementor-inner-column elementor-element elementor-element-a380c5a\" data-id=\"a380c5a\" data-element_type=\"column\" data-e-type=\"column\">\n\t\t\t<div class=\"elementor-widget-wrap elementor-element-populated\">\n\t\t\t\t\t\t<div class=\"elementor-element elementor-element-6b13333 elementor-widget elementor-widget-text-editor\" data-id=\"6b13333\" data-element_type=\"widget\" data-e-type=\"widget\" data-widget_type=\"text-editor.default\">\n\t\t\t\t<div class=\"elementor-widget-container\">\n\t\t\t\t\t\t\t\t\t<p data-pm-slice=\"1 1 []\">Cada hu\u00e9sped es \u00fanico para nosotros. Nuestro objetivo, desde que comenzamos nuestra actividad en 2007, siempre ha sido crear hogares acogedores y c\u00f3modos, para que sus vacaciones en Venecia sean inolvidables.<br \/><br \/>Es con este impulso que nosotros, Cristina y Federico y, desde 2024, Carlo Alberto, trabajamos todos los d\u00edas. Queremos ofrecer a nuestros hu\u00e9spedes una verdadera experiencia veneciana, para que vivan las atm\u00f3sferas de ensue\u00f1o de la ciudad milenaria y disfruten de momentos emocionantes para recordar con amor.<br \/><br \/>Hemos buscado y seleccionado propiedades con encanto, con terrazas, jardines, patios privados, con vistas a los canales, restauradas cumpliendo con nuestra arquitectura hist\u00f3rica y con la m\u00e1xima privacidad.<\/p>\t\t\t\t\t\t\t\t<\/div>\n\t\t\t\t<\/div>\n\t\t\t\t\t<\/div>\n\t\t<\/div>\n\t\t\t\t<div class=\"elementor-column elementor-col-50 elementor-inner-column elementor-element elementor-element-e7e555f\" data-id=\"e7e555f\" data-element_type=\"column\" data-e-type=\"column\">\n\t\t\t<div class=\"elementor-widget-wrap elementor-element-populated\">\n\t\t\t\t\t\t<div class=\"elementor-element elementor-element-b9363c4 elementor-widget elementor-widget-text-editor\" data-id=\"b9363c4\" data-element_type=\"widget\" data-e-type=\"widget\" data-widget_type=\"text-editor.default\">\n\t\t\t\t<div class=\"elementor-widget-container\">\n\t\t\t\t\t\t\t\t\t<p data-pm-slice=\"1 1 []\">Todos nuestros apartamentos est\u00e1n ubicados en la antigua ciudad de Venecia y son f\u00e1cilmente accesibles caminando o tomando el principal medio de transporte.<br \/><br \/>Nos gusta pasar tiempo con nuestros hu\u00e9spedes para brindarles la mayor cantidad de informaci\u00f3n posible sobre la ciudad, sus rincones escondidos, para que puedan descubrir nuestros restaurantes favoritos y todo lo que puede hacer que su estad\u00eda sea memorable.<br \/><br \/>\u00bfNecesitas ayuda o m\u00e1s informaci\u00f3n?<\/p>\t\t\t\t\t\t\t\t<\/div>\n\t\t\t\t<\/div>\n\t\t\t\t<div class=\"elementor-element elementor-element-054c7d9 elementor-widget elementor-widget-button\" data-id=\"054c7d9\" data-element_type=\"widget\" data-e-type=\"widget\" data-widget_type=\"button.default\">\n\t\t\t\t<div class=\"elementor-widget-container\">\n\t\t\t\t\t\t\t\t\t<div class=\"elementor-button-wrapper\">\n\t\t\t\t\t<a class=\"elementor-button elementor-button-link elementor-size-sm\" href=\"https:\/\/venicescape.com\/es\/contacts\/\">\n\t\t\t\t\t\t<span class=\"elementor-button-content-wrapper\">\n\t\t\t\t\t\t\t\t\t<span class=\"elementor-button-text\">Contacta con nosotros<\/span>\n\t\t\t\t\t<\/span>\n\t\t\t\t\t<\/a>\n\t\t\t\t<\/div>\n\t\t\t\t\t\t\t\t<\/div>\n\t\t\t\t<\/div>\n\t\t\t\t\t<\/div>\n\t\t<\/div>\n\t\t\t\t\t<\/div>\n\t\t<\/section>\n\t\t\t\t\t<\/div>\n\t\t<\/div>\n\t\t\t\t\t<\/div>\n\t\t<\/section>\n\t\t\t\t<section class=\"elementor-section elementor-top-section elementor-element elementor-element-038c920 elementor-section-height-min-height elementor-section-boxed elementor-section-height-default elementor-section-items-middle\" data-id=\"038c920\" data-element_type=\"section\" data-e-type=\"section\" data-settings=\"{&quot;background_background&quot;:&quot;classic&quot;}\">\n\t\t\t\t\t\t\t<div class=\"elementor-background-overlay\"><\/div>\n\t\t\t\t\t\t\t<div class=\"elementor-container elementor-column-gap-default\">\n\t\t\t\t\t<div class=\"elementor-column elementor-col-100 elementor-top-column elementor-element elementor-element-fc25d00\" data-id=\"fc25d00\" data-element_type=\"column\" data-e-type=\"column\">\n\t\t\t<div class=\"elementor-widget-wrap elementor-element-populated\">\n\t\t\t\t\t\t<div class=\"elementor-element elementor-element-7a0e4c9 elementor-widget elementor-widget-text-editor\" data-id=\"7a0e4c9\" data-element_type=\"widget\" data-e-type=\"widget\" data-widget_type=\"text-editor.default\">\n\t\t\t\t<div class=\"elementor-widget-container\">\n\t\t\t\t\t\t\t\t\t<p>\u201cSiempre se asume que Venecia es el lugar ideal para una luna de miel. Este es un grave error. Vivir en Venecia o incluso visitarla significa que te enamoras de la ciudad misma. No queda nada en tu coraz\u00f3n para nadie m\u00e1s\u201d.<\/p>\t\t\t\t\t\t\t\t<\/div>\n\t\t\t\t<\/div>\n\t\t\t\t<div class=\"elementor-element elementor-element-1d90a74 elementor-widget elementor-widget-text-editor\" data-id=\"1d90a74\" data-element_type=\"widget\" data-e-type=\"widget\" data-widget_type=\"text-editor.default\">\n\t\t\t\t<div class=\"elementor-widget-container\">\n\t\t\t\t\t\t\t\t\t<p>&#8211; Peggy Guggenheim<\/p>\t\t\t\t\t\t\t\t<\/div>\n\t\t\t\t<\/div>\n\t\t\t\t\t<\/div>\n\t\t<\/div>\n\t\t\t\t\t<\/div>\n\t\t<\/section>\n\t\t\t\t<\/div>\n\t\t","protected":false},"excerpt":{"rendered":"<p>About Cada hu\u00e9sped es \u00fanico para nosotros. Nuestro objetivo, desde que comenzamos nuestra actividad en 2007, siempre ha sido crear hogares acogedores y c\u00f3modos, para que sus vacaciones en Venecia sean inolvidables. Es con este impulso que nosotros, Cristina y Federico y, desde 2024, Carlo Alberto, trabajamos todos los d\u00edas. Queremos ofrecer a nuestros hu\u00e9spedes [&hellip;]<\/p>\n","protected":false},"author":1,"featured_media":0,"parent":0,"menu_order":0,"comment_status":"closed","ping_status":"closed","template":"","meta":{"_acf_changed":false,"footnotes":""},"class_list":["post-2835","page","type-page","status-publish","hentry"],"acf":[],"yoast_head":"<!-- This site is optimized with the Yoast SEO plugin v24.7 - https:\/\/yoast.com\/wordpress\/plugins\/seo\/ -->\n<title>Quienes somos - Venicescape<\/title>\n<meta name=\"robots\" content=\"index, follow, max-snippet:-1, max-image-preview:large, max-video-preview:-1\" \/>\n<link rel=\"canonical\" href=\"https:\/\/venicescape.com\/es\/about-us\/\" \/>\n<meta property=\"og:locale\" content=\"es_ES\" \/>\n<meta property=\"og:type\" content=\"article\" \/>\n<meta property=\"og:title\" content=\"Quienes somos - Venicescape\" \/>\n<meta property=\"og:description\" content=\"About Cada hu\u00e9sped es \u00fanico para nosotros. Nuestro objetivo, desde que comenzamos nuestra actividad en 2007, siempre ha sido crear hogares acogedores y c\u00f3modos, para que sus vacaciones en Venecia sean inolvidables. Es con este impulso que nosotros, Cristina y Federico y, desde 2024, Carlo Alberto, trabajamos todos los d\u00edas. Queremos ofrecer a nuestros hu\u00e9spedes [&hellip;]\" \/>\n<meta property=\"og:url\" content=\"https:\/\/venicescape.com\/es\/about-us\/\" \/>\n<meta property=\"og:site_name\" content=\"Venicescape\" \/>\n<meta property=\"article:modified_time\" content=\"2025-10-09T09:57:20+00:00\" \/>\n<meta property=\"og:image\" content=\"https:\/\/venicescape.com\/wp-content\/uploads\/2025\/10\/Federico-e-Cristina-1.jpg\" \/>\n\t<meta property=\"og:image:width\" content=\"1200\" \/>\n\t<meta property=\"og:image:height\" content=\"1200\" \/>\n\t<meta property=\"og:image:type\" content=\"image\/jpeg\" \/>\n<meta name=\"twitter:card\" content=\"summary_large_image\" \/>\n<meta name=\"twitter:label1\" content=\"Tiempo de lectura\" \/>\n\t<meta name=\"twitter:data1\" content=\"2 minutos\" \/>\n<script type=\"application\/ld+json\" class=\"yoast-schema-graph\">{\"@context\":\"https:\/\/schema.org\",\"@graph\":[{\"@type\":\"WebPage\",\"@id\":\"https:\/\/venicescape.com\/es\/about-us\/\",\"url\":\"https:\/\/venicescape.com\/es\/about-us\/\",\"name\":\"Quienes somos - Venicescape\",\"isPartOf\":{\"@id\":\"https:\/\/venicescape.com\/es\/#website\"},\"primaryImageOfPage\":{\"@id\":\"https:\/\/venicescape.com\/es\/about-us\/#primaryimage\"},\"image\":{\"@id\":\"https:\/\/venicescape.com\/es\/about-us\/#primaryimage\"},\"thumbnailUrl\":\"https:\/\/venicescape.com\/wp-content\/uploads\/2025\/10\/Federico-e-Cristina-1-300x300.jpg\",\"datePublished\":\"2023-04-12T07:17:17+00:00\",\"dateModified\":\"2025-10-09T09:57:20+00:00\",\"breadcrumb\":{\"@id\":\"https:\/\/venicescape.com\/es\/about-us\/#breadcrumb\"},\"inLanguage\":\"es\",\"potentialAction\":[{\"@type\":\"ReadAction\",\"target\":[\"https:\/\/venicescape.com\/es\/about-us\/\"]}]},{\"@type\":\"ImageObject\",\"inLanguage\":\"es\",\"@id\":\"https:\/\/venicescape.com\/es\/about-us\/#primaryimage\",\"url\":\"https:\/\/venicescape.com\/wp-content\/uploads\/2025\/10\/Federico-e-Cristina-1-300x300.jpg\",\"contentUrl\":\"https:\/\/venicescape.com\/wp-content\/uploads\/2025\/10\/Federico-e-Cristina-1-300x300.jpg\"},{\"@type\":\"BreadcrumbList\",\"@id\":\"https:\/\/venicescape.com\/es\/about-us\/#breadcrumb\",\"itemListElement\":[{\"@type\":\"ListItem\",\"position\":1,\"name\":\"Home\",\"item\":\"https:\/\/venicescape.com\/es\/\"},{\"@type\":\"ListItem\",\"position\":2,\"name\":\"Quienes somos\"}]},{\"@type\":\"WebSite\",\"@id\":\"https:\/\/venicescape.com\/es\/#website\",\"url\":\"https:\/\/venicescape.com\/es\/\",\"name\":\"Venicescape\",\"description\":\"Our homes, our feelings.\",\"publisher\":{\"@id\":\"https:\/\/venicescape.com\/es\/#organization\"},\"potentialAction\":[{\"@type\":\"SearchAction\",\"target\":{\"@type\":\"EntryPoint\",\"urlTemplate\":\"https:\/\/venicescape.com\/es\/?s={search_term_string}\"},\"query-input\":{\"@type\":\"PropertyValueSpecification\",\"valueRequired\":true,\"valueName\":\"search_term_string\"}}],\"inLanguage\":\"es\"},{\"@type\":\"Organization\",\"@id\":\"https:\/\/venicescape.com\/es\/#organization\",\"name\":\"Venicescape\",\"url\":\"https:\/\/venicescape.com\/es\/\",\"logo\":{\"@type\":\"ImageObject\",\"inLanguage\":\"es\",\"@id\":\"https:\/\/venicescape.com\/es\/#\/schema\/logo\/image\/\",\"url\":\"https:\/\/venicescape.com\/wp-content\/uploads\/2023\/05\/cropped-Logo-Venicescape-Main-on-white.png\",\"contentUrl\":\"https:\/\/venicescape.com\/wp-content\/uploads\/2023\/05\/cropped-Logo-Venicescape-Main-on-white.png\",\"width\":500,\"height\":169,\"caption\":\"Venicescape\"},\"image\":{\"@id\":\"https:\/\/venicescape.com\/es\/#\/schema\/logo\/image\/\"}}]}<\/script>\n<!-- \/ Yoast SEO plugin. -->","yoast_head_json":{"title":"Quienes somos - Venicescape","robots":{"index":"index","follow":"follow","max-snippet":"max-snippet:-1","max-image-preview":"max-image-preview:large","max-video-preview":"max-video-preview:-1"},"canonical":"https:\/\/venicescape.com\/es\/about-us\/","og_locale":"es_ES","og_type":"article","og_title":"Quienes somos - Venicescape","og_description":"About Cada hu\u00e9sped es \u00fanico para nosotros. Nuestro objetivo, desde que comenzamos nuestra actividad en 2007, siempre ha sido crear hogares acogedores y c\u00f3modos, para que sus vacaciones en Venecia sean inolvidables. Es con este impulso que nosotros, Cristina y Federico y, desde 2024, Carlo Alberto, trabajamos todos los d\u00edas. Queremos ofrecer a nuestros hu\u00e9spedes [&hellip;]","og_url":"https:\/\/venicescape.com\/es\/about-us\/","og_site_name":"Venicescape","article_modified_time":"2025-10-09T09:57:20+00:00","og_image":[{"width":1200,"height":1200,"url":"https:\/\/venicescape.com\/wp-content\/uploads\/2025\/10\/Federico-e-Cristina-1.jpg","type":"image\/jpeg"}],"twitter_card":"summary_large_image","twitter_misc":{"Tiempo de lectura":"2 minutos"},"schema":{"@context":"https:\/\/schema.org","@graph":[{"@type":"WebPage","@id":"https:\/\/venicescape.com\/es\/about-us\/","url":"https:\/\/venicescape.com\/es\/about-us\/","name":"Quienes somos - Venicescape","isPartOf":{"@id":"https:\/\/venicescape.com\/es\/#website"},"primaryImageOfPage":{"@id":"https:\/\/venicescape.com\/es\/about-us\/#primaryimage"},"image":{"@id":"https:\/\/venicescape.com\/es\/about-us\/#primaryimage"},"thumbnailUrl":"https:\/\/venicescape.com\/wp-content\/uploads\/2025\/10\/Federico-e-Cristina-1-300x300.jpg","datePublished":"2023-04-12T07:17:17+00:00","dateModified":"2025-10-09T09:57:20+00:00","breadcrumb":{"@id":"https:\/\/venicescape.com\/es\/about-us\/#breadcrumb"},"inLanguage":"es","potentialAction":[{"@type":"ReadAction","target":["https:\/\/venicescape.com\/es\/about-us\/"]}]},{"@type":"ImageObject","inLanguage":"es","@id":"https:\/\/venicescape.com\/es\/about-us\/#primaryimage","url":"https:\/\/venicescape.com\/wp-content\/uploads\/2025\/10\/Federico-e-Cristina-1-300x300.jpg","contentUrl":"https:\/\/venicescape.com\/wp-content\/uploads\/2025\/10\/Federico-e-Cristina-1-300x300.jpg"},{"@type":"BreadcrumbList","@id":"https:\/\/venicescape.com\/es\/about-us\/#breadcrumb","itemListElement":[{"@type":"ListItem","position":1,"name":"Home","item":"https:\/\/venicescape.com\/es\/"},{"@type":"ListItem","position":2,"name":"Quienes somos"}]},{"@type":"WebSite","@id":"https:\/\/venicescape.com\/es\/#website","url":"https:\/\/venicescape.com\/es\/","name":"Venicescape","description":"Our homes, our feelings.","publisher":{"@id":"https:\/\/venicescape.com\/es\/#organization"},"potentialAction":[{"@type":"SearchAction","target":{"@type":"EntryPoint","urlTemplate":"https:\/\/venicescape.com\/es\/?s={search_term_string}"},"query-input":{"@type":"PropertyValueSpecification","valueRequired":true,"valueName":"search_term_string"}}],"inLanguage":"es"},{"@type":"Organization","@id":"https:\/\/venicescape.com\/es\/#organization","name":"Venicescape","url":"https:\/\/venicescape.com\/es\/","logo":{"@type":"ImageObject","inLanguage":"es","@id":"https:\/\/venicescape.com\/es\/#\/schema\/logo\/image\/","url":"https:\/\/venicescape.com\/wp-content\/uploads\/2023\/05\/cropped-Logo-Venicescape-Main-on-white.png","contentUrl":"https:\/\/venicescape.com\/wp-content\/uploads\/2023\/05\/cropped-Logo-Venicescape-Main-on-white.png","width":500,"height":169,"caption":"Venicescape"},"image":{"@id":"https:\/\/venicescape.com\/es\/#\/schema\/logo\/image\/"}}]}},"_links":{"self":[{"href":"https:\/\/venicescape.com\/es\/wp-json\/wp\/v2\/pages\/2835","targetHints":{"allow":["GET"]}}],"collection":[{"href":"https:\/\/venicescape.com\/es\/wp-json\/wp\/v2\/pages"}],"about":[{"href":"https:\/\/venicescape.com\/es\/wp-json\/wp\/v2\/types\/page"}],"author":[{"embeddable":true,"href":"https:\/\/venicescape.com\/es\/wp-json\/wp\/v2\/users\/1"}],"replies":[{"embeddable":true,"href":"https:\/\/venicescape.com\/es\/wp-json\/wp\/v2\/comments?post=2835"}],"version-history":[{"count":4,"href":"https:\/\/venicescape.com\/es\/wp-json\/wp\/v2\/pages\/2835\/revisions"}],"predecessor-version":[{"id":4638,"href":"https:\/\/venicescape.com\/es\/wp-json\/wp\/v2\/pages\/2835\/revisions\/4638"}],"wp:attachment":[{"href":"https:\/\/venicescape.com\/es\/wp-json\/wp\/v2\/media?parent=2835"}],"curies":[{"name":"wp","href":"https:\/\/api.w.org\/{rel}","templated":true}]}}