{"id":3095,"date":"2023-04-12T09:17:17","date_gmt":"2023-04-12T07:17:17","guid":{"rendered":"https:\/\/venicescape.elan42.com\/about-us\/"},"modified":"2025-10-09T11:56:16","modified_gmt":"2025-10-09T09:56:16","slug":"about-us","status":"publish","type":"page","link":"https:\/\/venicescape.com\/fr\/about-us\/","title":{"rendered":"Qui nous sommes"},"content":{"rendered":"\t\t<div data-elementor-type=\"wp-post\" data-elementor-id=\"3095\" class=\"elementor elementor-3095 elementor-7\" data-elementor-post-type=\"page\">\n\t\t\t\t\t\t<section class=\"elementor-section elementor-top-section elementor-element elementor-element-19d4da4 elementor-section-boxed elementor-section-height-default elementor-section-height-default\" data-id=\"19d4da4\" data-element_type=\"section\" data-e-type=\"section\">\n\t\t\t\t\t\t<div class=\"elementor-container elementor-column-gap-default\">\n\t\t\t\t\t<div class=\"elementor-column elementor-col-100 elementor-top-column elementor-element elementor-element-51bb69a\" data-id=\"51bb69a\" data-element_type=\"column\" data-e-type=\"column\">\n\t\t\t<div class=\"elementor-widget-wrap elementor-element-populated\">\n\t\t\t\t\t\t<div class=\"elementor-element elementor-element-13d7d1f elementor-widget elementor-widget-text-editor\" data-id=\"13d7d1f\" data-element_type=\"widget\" data-e-type=\"widget\" data-widget_type=\"text-editor.default\">\n\t\t\t\t<div class=\"elementor-widget-container\">\n\t\t\t\t\t\t\t\t\t<p>About<\/p>\t\t\t\t\t\t\t\t<\/div>\n\t\t\t\t<\/div>\n\t\t\t\t<section class=\"elementor-section elementor-inner-section elementor-element elementor-element-fc5e32b elementor-section-boxed elementor-section-height-default elementor-section-height-default\" data-id=\"fc5e32b\" data-element_type=\"section\" data-e-type=\"section\">\n\t\t\t\t\t\t<div class=\"elementor-container elementor-column-gap-default\">\n\t\t\t\t\t<div class=\"elementor-column elementor-col-25 elementor-inner-column elementor-element elementor-element-5693772\" data-id=\"5693772\" data-element_type=\"column\" data-e-type=\"column\">\n\t\t\t<div class=\"elementor-widget-wrap\">\n\t\t\t\t\t\t\t<\/div>\n\t\t<\/div>\n\t\t\t\t<div class=\"elementor-column elementor-col-25 elementor-inner-column elementor-element elementor-element-c3fa171\" data-id=\"c3fa171\" data-element_type=\"column\" data-e-type=\"column\">\n\t\t\t<div class=\"elementor-widget-wrap elementor-element-populated\">\n\t\t\t\t\t\t<div class=\"elementor-element elementor-element-e21432d elementor-widget elementor-widget-image\" data-id=\"e21432d\" data-element_type=\"widget\" data-e-type=\"widget\" data-widget_type=\"image.default\">\n\t\t\t\t<div class=\"elementor-widget-container\">\n\t\t\t\t\t\t\t\t\t\t\t\t\t\t\t<img fetchpriority=\"high\" decoding=\"async\" width=\"300\" height=\"300\" src=\"https:\/\/venicescape.com\/wp-content\/uploads\/2025\/10\/Federico-e-Cristina-300x300.jpg\" class=\"attachment-medium size-medium wp-image-4542\" alt=\"\" srcset=\"https:\/\/venicescape.com\/wp-content\/uploads\/2025\/10\/Federico-e-Cristina-300x300.jpg 300w, https:\/\/venicescape.com\/wp-content\/uploads\/2025\/10\/Federico-e-Cristina-1024x1024.jpg 1024w, https:\/\/venicescape.com\/wp-content\/uploads\/2025\/10\/Federico-e-Cristina-150x150.jpg 150w, https:\/\/venicescape.com\/wp-content\/uploads\/2025\/10\/Federico-e-Cristina-768x768.jpg 768w, https:\/\/venicescape.com\/wp-content\/uploads\/2025\/10\/Federico-e-Cristina.jpg 1200w\" sizes=\"(max-width: 300px) 100vw, 300px\" \/>\t\t\t\t\t\t\t\t\t\t\t\t\t\t\t<\/div>\n\t\t\t\t<\/div>\n\t\t\t\t\t<\/div>\n\t\t<\/div>\n\t\t\t\t<div class=\"elementor-column elementor-col-25 elementor-inner-column elementor-element elementor-element-99aa06d\" data-id=\"99aa06d\" data-element_type=\"column\" data-e-type=\"column\">\n\t\t\t<div class=\"elementor-widget-wrap elementor-element-populated\">\n\t\t\t\t\t\t<div class=\"elementor-element elementor-element-237b5b3 elementor-widget elementor-widget-image\" data-id=\"237b5b3\" data-element_type=\"widget\" data-e-type=\"widget\" data-widget_type=\"image.default\">\n\t\t\t\t<div class=\"elementor-widget-container\">\n\t\t\t\t\t\t\t\t\t\t\t\t\t\t\t<img decoding=\"async\" width=\"226\" height=\"300\" src=\"https:\/\/venicescape.com\/wp-content\/uploads\/2025\/10\/venicescape-carlo-alberto-226x300.jpeg\" class=\"attachment-medium size-medium wp-image-4624\" alt=\"\" srcset=\"https:\/\/venicescape.com\/wp-content\/uploads\/2025\/10\/venicescape-carlo-alberto-226x300.jpeg 226w, https:\/\/venicescape.com\/wp-content\/uploads\/2025\/10\/venicescape-carlo-alberto-771x1024.jpeg 771w, https:\/\/venicescape.com\/wp-content\/uploads\/2025\/10\/venicescape-carlo-alberto-768x1020.jpeg 768w, https:\/\/venicescape.com\/wp-content\/uploads\/2025\/10\/venicescape-carlo-alberto.jpeg 800w\" sizes=\"(max-width: 226px) 100vw, 226px\" \/>\t\t\t\t\t\t\t\t\t\t\t\t\t\t\t<\/div>\n\t\t\t\t<\/div>\n\t\t\t\t\t<\/div>\n\t\t<\/div>\n\t\t\t\t<div class=\"elementor-column elementor-col-25 elementor-inner-column elementor-element elementor-element-e19d68f\" data-id=\"e19d68f\" data-element_type=\"column\" data-e-type=\"column\">\n\t\t\t<div class=\"elementor-widget-wrap\">\n\t\t\t\t\t\t\t<\/div>\n\t\t<\/div>\n\t\t\t\t\t<\/div>\n\t\t<\/section>\n\t\t\t\t<section class=\"elementor-section elementor-inner-section elementor-element elementor-element-1ae1323 elementor-section-boxed elementor-section-height-default elementor-section-height-default\" data-id=\"1ae1323\" data-element_type=\"section\" data-e-type=\"section\">\n\t\t\t\t\t\t<div class=\"elementor-container elementor-column-gap-default\">\n\t\t\t\t\t<div class=\"elementor-column elementor-col-50 elementor-inner-column elementor-element elementor-element-a380c5a\" data-id=\"a380c5a\" data-element_type=\"column\" data-e-type=\"column\">\n\t\t\t<div class=\"elementor-widget-wrap elementor-element-populated\">\n\t\t\t\t\t\t<div class=\"elementor-element elementor-element-6b13333 elementor-widget elementor-widget-text-editor\" data-id=\"6b13333\" data-element_type=\"widget\" data-e-type=\"widget\" data-widget_type=\"text-editor.default\">\n\t\t\t\t<div class=\"elementor-widget-container\">\n\t\t\t\t\t\t\t\t\t<p data-pm-slice=\"1 1 []\">Tout invit\u00e9 est unique pour nous. Notre but, depuis le d\u00e9but de notre activit\u00e9 en 2007, a toujours \u00e9t\u00e9 de cr\u00e9er des maisons accueillantes et confortables, afin de rendre vos vacances \u00e0 Venise inoubliables.<br \/><br \/>C\u2019est avec ce dynamisme que nous, Cristina et Federico et, depuis le 2024, Carlo Alberto, travaillons tous les jours. Nous souhaitons offrir \u00e0 nos clients une v\u00e9ritable exp\u00e9rience v\u00e9nitienne, vous faire vivre les ambiances oniriques de la ville mill\u00e9naire et profiter de moments passionnants dont se souvenir avec amour.<br \/><br \/>Nous avons recherch\u00e9 et s\u00e9lectionn\u00e9 des propri\u00e9t\u00e9s de charme, avec terrasses, jardins, cours priv\u00e9es, donnant sur les canaux, r\u00e9nov\u00e9es dans le respect de notre histoire et avec le maximum d\u2019intimit\u00e9.<\/p>\t\t\t\t\t\t\t\t<\/div>\n\t\t\t\t<\/div>\n\t\t\t\t\t<\/div>\n\t\t<\/div>\n\t\t\t\t<div class=\"elementor-column elementor-col-50 elementor-inner-column elementor-element elementor-element-e7e555f\" data-id=\"e7e555f\" data-element_type=\"column\" data-e-type=\"column\">\n\t\t\t<div class=\"elementor-widget-wrap elementor-element-populated\">\n\t\t\t\t\t\t<div class=\"elementor-element elementor-element-b9363c4 elementor-widget elementor-widget-text-editor\" data-id=\"b9363c4\" data-element_type=\"widget\" data-e-type=\"widget\" data-widget_type=\"text-editor.default\">\n\t\t\t\t<div class=\"elementor-widget-container\">\n\t\t\t\t\t\t\t\t\t<p data-pm-slice=\"1 1 []\">Nos appartements sont tous situ\u00e9s dans l\u2019ancienne ville de Venise et sont facilement accessibles \u00e0 pied ou en empruntant les principaux moyens de transport.<br \/><br \/>Nous aimons passer du temps avec nos h\u00f4tes pour leur donner le maximum d\u2019informations sur la ville, ses coins cach\u00e9s, afin que vous puissiez d\u00e9couvrir nos restaurants pr\u00e9f\u00e9r\u00e9s et tout ce qui peut rendre votre s\u00e9jour m\u00e9morable.<br \/><br \/>Avez-vous besoin d\u2019aide ou de plus d\u2019informations?<\/p>\t\t\t\t\t\t\t\t<\/div>\n\t\t\t\t<\/div>\n\t\t\t\t<div class=\"elementor-element elementor-element-054c7d9 elementor-widget elementor-widget-button\" data-id=\"054c7d9\" data-element_type=\"widget\" data-e-type=\"widget\" data-widget_type=\"button.default\">\n\t\t\t\t<div class=\"elementor-widget-container\">\n\t\t\t\t\t\t\t\t\t<div class=\"elementor-button-wrapper\">\n\t\t\t\t\t<a class=\"elementor-button elementor-button-link elementor-size-sm\" href=\"https:\/\/venicescape.com\/fr\/contacts\/\">\n\t\t\t\t\t\t<span class=\"elementor-button-content-wrapper\">\n\t\t\t\t\t\t\t\t\t<span class=\"elementor-button-text\">Contactez-nous<\/span>\n\t\t\t\t\t<\/span>\n\t\t\t\t\t<\/a>\n\t\t\t\t<\/div>\n\t\t\t\t\t\t\t\t<\/div>\n\t\t\t\t<\/div>\n\t\t\t\t\t<\/div>\n\t\t<\/div>\n\t\t\t\t\t<\/div>\n\t\t<\/section>\n\t\t\t\t\t<\/div>\n\t\t<\/div>\n\t\t\t\t\t<\/div>\n\t\t<\/section>\n\t\t\t\t<section class=\"elementor-section elementor-top-section elementor-element elementor-element-038c920 elementor-section-height-min-height elementor-section-boxed elementor-section-height-default elementor-section-items-middle\" data-id=\"038c920\" data-element_type=\"section\" data-e-type=\"section\" data-settings=\"{&quot;background_background&quot;:&quot;classic&quot;}\">\n\t\t\t\t\t\t\t<div class=\"elementor-background-overlay\"><\/div>\n\t\t\t\t\t\t\t<div class=\"elementor-container elementor-column-gap-default\">\n\t\t\t\t\t<div class=\"elementor-column elementor-col-100 elementor-top-column elementor-element elementor-element-fc25d00\" data-id=\"fc25d00\" data-element_type=\"column\" data-e-type=\"column\">\n\t\t\t<div class=\"elementor-widget-wrap elementor-element-populated\">\n\t\t\t\t\t\t<div class=\"elementor-element elementor-element-7a0e4c9 elementor-widget elementor-widget-text-editor\" data-id=\"7a0e4c9\" data-element_type=\"widget\" data-e-type=\"widget\" data-widget_type=\"text-editor.default\">\n\t\t\t\t<div class=\"elementor-widget-container\">\n\t\t\t\t\t\t\t\t\t<p>\u201cOn suppose toujours que Venise est l&rsquo;endroit id\u00e9al pour une lune de miel. C&rsquo;est une grave erreur. Vivre \u00e0 Venise ou m\u00eame la visiter signifie que vous tombez amoureux de la ville elle-m\u00eame. Il ne reste rien dans ton c\u0153ur pour quelqu&rsquo;un d&rsquo;autre.\u201d<\/p>\t\t\t\t\t\t\t\t<\/div>\n\t\t\t\t<\/div>\n\t\t\t\t<div class=\"elementor-element elementor-element-1d90a74 elementor-widget elementor-widget-text-editor\" data-id=\"1d90a74\" data-element_type=\"widget\" data-e-type=\"widget\" data-widget_type=\"text-editor.default\">\n\t\t\t\t<div class=\"elementor-widget-container\">\n\t\t\t\t\t\t\t\t\t<p>&#8211; Peggy Guggenheim<\/p>\t\t\t\t\t\t\t\t<\/div>\n\t\t\t\t<\/div>\n\t\t\t\t\t<\/div>\n\t\t<\/div>\n\t\t\t\t\t<\/div>\n\t\t<\/section>\n\t\t\t\t<\/div>\n\t\t","protected":false},"excerpt":{"rendered":"<p>About Tout invit\u00e9 est unique pour nous. Notre but, depuis le d\u00e9but de notre activit\u00e9 en 2007, a toujours \u00e9t\u00e9 de cr\u00e9er des maisons accueillantes et confortables, afin de rendre vos vacances \u00e0 Venise inoubliables. C\u2019est avec ce dynamisme que nous, Cristina et Federico et, depuis le 2024, Carlo Alberto, travaillons tous les jours. Nous [&hellip;]<\/p>\n","protected":false},"author":1,"featured_media":0,"parent":0,"menu_order":0,"comment_status":"closed","ping_status":"closed","template":"","meta":{"_acf_changed":false,"footnotes":""},"class_list":["post-3095","page","type-page","status-publish","hentry"],"acf":[],"yoast_head":"<!-- This site is optimized with the Yoast SEO plugin v24.7 - https:\/\/yoast.com\/wordpress\/plugins\/seo\/ -->\n<title>Qui nous sommes - Venicescape<\/title>\n<meta name=\"robots\" content=\"index, follow, max-snippet:-1, max-image-preview:large, max-video-preview:-1\" \/>\n<link rel=\"canonical\" href=\"https:\/\/venicescape.com\/fr\/about-us\/\" \/>\n<meta property=\"og:locale\" content=\"fr_FR\" \/>\n<meta property=\"og:type\" content=\"article\" \/>\n<meta property=\"og:title\" content=\"Qui nous sommes - Venicescape\" \/>\n<meta property=\"og:description\" content=\"About Tout invit\u00e9 est unique pour nous. Notre but, depuis le d\u00e9but de notre activit\u00e9 en 2007, a toujours \u00e9t\u00e9 de cr\u00e9er des maisons accueillantes et confortables, afin de rendre vos vacances \u00e0 Venise inoubliables. C\u2019est avec ce dynamisme que nous, Cristina et Federico et, depuis le 2024, Carlo Alberto, travaillons tous les jours. Nous [&hellip;]\" \/>\n<meta property=\"og:url\" content=\"https:\/\/venicescape.com\/fr\/about-us\/\" \/>\n<meta property=\"og:site_name\" content=\"Venicescape\" \/>\n<meta property=\"article:modified_time\" content=\"2025-10-09T09:56:16+00:00\" \/>\n<meta property=\"og:image\" content=\"https:\/\/venicescape.com\/wp-content\/uploads\/2025\/10\/Federico-e-Cristina.jpg\" \/>\n\t<meta property=\"og:image:width\" content=\"1200\" \/>\n\t<meta property=\"og:image:height\" content=\"1200\" \/>\n\t<meta property=\"og:image:type\" content=\"image\/jpeg\" \/>\n<meta name=\"twitter:card\" content=\"summary_large_image\" \/>\n<meta name=\"twitter:label1\" content=\"Dur\u00e9e de lecture estim\u00e9e\" \/>\n\t<meta name=\"twitter:data1\" content=\"2 minutes\" \/>\n<script type=\"application\/ld+json\" class=\"yoast-schema-graph\">{\"@context\":\"https:\/\/schema.org\",\"@graph\":[{\"@type\":\"WebPage\",\"@id\":\"https:\/\/venicescape.com\/fr\/about-us\/\",\"url\":\"https:\/\/venicescape.com\/fr\/about-us\/\",\"name\":\"Qui nous sommes - Venicescape\",\"isPartOf\":{\"@id\":\"https:\/\/venicescape.com\/fr\/#website\"},\"primaryImageOfPage\":{\"@id\":\"https:\/\/venicescape.com\/fr\/about-us\/#primaryimage\"},\"image\":{\"@id\":\"https:\/\/venicescape.com\/fr\/about-us\/#primaryimage\"},\"thumbnailUrl\":\"https:\/\/venicescape.com\/wp-content\/uploads\/2025\/10\/Federico-e-Cristina-300x300.jpg\",\"datePublished\":\"2023-04-12T07:17:17+00:00\",\"dateModified\":\"2025-10-09T09:56:16+00:00\",\"breadcrumb\":{\"@id\":\"https:\/\/venicescape.com\/fr\/about-us\/#breadcrumb\"},\"inLanguage\":\"fr-FR\",\"potentialAction\":[{\"@type\":\"ReadAction\",\"target\":[\"https:\/\/venicescape.com\/fr\/about-us\/\"]}]},{\"@type\":\"ImageObject\",\"inLanguage\":\"fr-FR\",\"@id\":\"https:\/\/venicescape.com\/fr\/about-us\/#primaryimage\",\"url\":\"https:\/\/venicescape.com\/wp-content\/uploads\/2025\/10\/Federico-e-Cristina-300x300.jpg\",\"contentUrl\":\"https:\/\/venicescape.com\/wp-content\/uploads\/2025\/10\/Federico-e-Cristina-300x300.jpg\"},{\"@type\":\"BreadcrumbList\",\"@id\":\"https:\/\/venicescape.com\/fr\/about-us\/#breadcrumb\",\"itemListElement\":[{\"@type\":\"ListItem\",\"position\":1,\"name\":\"Home\",\"item\":\"https:\/\/venicescape.com\/fr\/\"},{\"@type\":\"ListItem\",\"position\":2,\"name\":\"Qui nous sommes\"}]},{\"@type\":\"WebSite\",\"@id\":\"https:\/\/venicescape.com\/fr\/#website\",\"url\":\"https:\/\/venicescape.com\/fr\/\",\"name\":\"Venicescape\",\"description\":\"Our homes, our feelings.\",\"publisher\":{\"@id\":\"https:\/\/venicescape.com\/fr\/#organization\"},\"potentialAction\":[{\"@type\":\"SearchAction\",\"target\":{\"@type\":\"EntryPoint\",\"urlTemplate\":\"https:\/\/venicescape.com\/fr\/?s={search_term_string}\"},\"query-input\":{\"@type\":\"PropertyValueSpecification\",\"valueRequired\":true,\"valueName\":\"search_term_string\"}}],\"inLanguage\":\"fr-FR\"},{\"@type\":\"Organization\",\"@id\":\"https:\/\/venicescape.com\/fr\/#organization\",\"name\":\"Venicescape\",\"url\":\"https:\/\/venicescape.com\/fr\/\",\"logo\":{\"@type\":\"ImageObject\",\"inLanguage\":\"fr-FR\",\"@id\":\"https:\/\/venicescape.com\/fr\/#\/schema\/logo\/image\/\",\"url\":\"https:\/\/venicescape.com\/wp-content\/uploads\/2023\/05\/cropped-Logo-Venicescape-Main-on-white.png\",\"contentUrl\":\"https:\/\/venicescape.com\/wp-content\/uploads\/2023\/05\/cropped-Logo-Venicescape-Main-on-white.png\",\"width\":500,\"height\":169,\"caption\":\"Venicescape\"},\"image\":{\"@id\":\"https:\/\/venicescape.com\/fr\/#\/schema\/logo\/image\/\"}}]}<\/script>\n<!-- \/ Yoast SEO plugin. -->","yoast_head_json":{"title":"Qui nous sommes - Venicescape","robots":{"index":"index","follow":"follow","max-snippet":"max-snippet:-1","max-image-preview":"max-image-preview:large","max-video-preview":"max-video-preview:-1"},"canonical":"https:\/\/venicescape.com\/fr\/about-us\/","og_locale":"fr_FR","og_type":"article","og_title":"Qui nous sommes - Venicescape","og_description":"About Tout invit\u00e9 est unique pour nous. Notre but, depuis le d\u00e9but de notre activit\u00e9 en 2007, a toujours \u00e9t\u00e9 de cr\u00e9er des maisons accueillantes et confortables, afin de rendre vos vacances \u00e0 Venise inoubliables. C\u2019est avec ce dynamisme que nous, Cristina et Federico et, depuis le 2024, Carlo Alberto, travaillons tous les jours. Nous [&hellip;]","og_url":"https:\/\/venicescape.com\/fr\/about-us\/","og_site_name":"Venicescape","article_modified_time":"2025-10-09T09:56:16+00:00","og_image":[{"width":1200,"height":1200,"url":"https:\/\/venicescape.com\/wp-content\/uploads\/2025\/10\/Federico-e-Cristina.jpg","type":"image\/jpeg"}],"twitter_card":"summary_large_image","twitter_misc":{"Dur\u00e9e de lecture estim\u00e9e":"2 minutes"},"schema":{"@context":"https:\/\/schema.org","@graph":[{"@type":"WebPage","@id":"https:\/\/venicescape.com\/fr\/about-us\/","url":"https:\/\/venicescape.com\/fr\/about-us\/","name":"Qui nous sommes - Venicescape","isPartOf":{"@id":"https:\/\/venicescape.com\/fr\/#website"},"primaryImageOfPage":{"@id":"https:\/\/venicescape.com\/fr\/about-us\/#primaryimage"},"image":{"@id":"https:\/\/venicescape.com\/fr\/about-us\/#primaryimage"},"thumbnailUrl":"https:\/\/venicescape.com\/wp-content\/uploads\/2025\/10\/Federico-e-Cristina-300x300.jpg","datePublished":"2023-04-12T07:17:17+00:00","dateModified":"2025-10-09T09:56:16+00:00","breadcrumb":{"@id":"https:\/\/venicescape.com\/fr\/about-us\/#breadcrumb"},"inLanguage":"fr-FR","potentialAction":[{"@type":"ReadAction","target":["https:\/\/venicescape.com\/fr\/about-us\/"]}]},{"@type":"ImageObject","inLanguage":"fr-FR","@id":"https:\/\/venicescape.com\/fr\/about-us\/#primaryimage","url":"https:\/\/venicescape.com\/wp-content\/uploads\/2025\/10\/Federico-e-Cristina-300x300.jpg","contentUrl":"https:\/\/venicescape.com\/wp-content\/uploads\/2025\/10\/Federico-e-Cristina-300x300.jpg"},{"@type":"BreadcrumbList","@id":"https:\/\/venicescape.com\/fr\/about-us\/#breadcrumb","itemListElement":[{"@type":"ListItem","position":1,"name":"Home","item":"https:\/\/venicescape.com\/fr\/"},{"@type":"ListItem","position":2,"name":"Qui nous sommes"}]},{"@type":"WebSite","@id":"https:\/\/venicescape.com\/fr\/#website","url":"https:\/\/venicescape.com\/fr\/","name":"Venicescape","description":"Our homes, our feelings.","publisher":{"@id":"https:\/\/venicescape.com\/fr\/#organization"},"potentialAction":[{"@type":"SearchAction","target":{"@type":"EntryPoint","urlTemplate":"https:\/\/venicescape.com\/fr\/?s={search_term_string}"},"query-input":{"@type":"PropertyValueSpecification","valueRequired":true,"valueName":"search_term_string"}}],"inLanguage":"fr-FR"},{"@type":"Organization","@id":"https:\/\/venicescape.com\/fr\/#organization","name":"Venicescape","url":"https:\/\/venicescape.com\/fr\/","logo":{"@type":"ImageObject","inLanguage":"fr-FR","@id":"https:\/\/venicescape.com\/fr\/#\/schema\/logo\/image\/","url":"https:\/\/venicescape.com\/wp-content\/uploads\/2023\/05\/cropped-Logo-Venicescape-Main-on-white.png","contentUrl":"https:\/\/venicescape.com\/wp-content\/uploads\/2023\/05\/cropped-Logo-Venicescape-Main-on-white.png","width":500,"height":169,"caption":"Venicescape"},"image":{"@id":"https:\/\/venicescape.com\/fr\/#\/schema\/logo\/image\/"}}]}},"_links":{"self":[{"href":"https:\/\/venicescape.com\/fr\/wp-json\/wp\/v2\/pages\/3095","targetHints":{"allow":["GET"]}}],"collection":[{"href":"https:\/\/venicescape.com\/fr\/wp-json\/wp\/v2\/pages"}],"about":[{"href":"https:\/\/venicescape.com\/fr\/wp-json\/wp\/v2\/types\/page"}],"author":[{"embeddable":true,"href":"https:\/\/venicescape.com\/fr\/wp-json\/wp\/v2\/users\/1"}],"replies":[{"embeddable":true,"href":"https:\/\/venicescape.com\/fr\/wp-json\/wp\/v2\/comments?post=3095"}],"version-history":[{"count":4,"href":"https:\/\/venicescape.com\/fr\/wp-json\/wp\/v2\/pages\/3095\/revisions"}],"predecessor-version":[{"id":4632,"href":"https:\/\/venicescape.com\/fr\/wp-json\/wp\/v2\/pages\/3095\/revisions\/4632"}],"wp:attachment":[{"href":"https:\/\/venicescape.com\/fr\/wp-json\/wp\/v2\/media?parent=3095"}],"curies":[{"name":"wp","href":"https:\/\/api.w.org\/{rel}","templated":true}]}}