{"id":2578,"date":"2023-04-12T09:17:17","date_gmt":"2023-04-12T07:17:17","guid":{"rendered":"https:\/\/venicescape.elan42.com\/about-us\/"},"modified":"2025-10-09T11:56:45","modified_gmt":"2025-10-09T09:56:45","slug":"about-us","status":"publish","type":"page","link":"https:\/\/venicescape.com\/it\/about-us\/","title":{"rendered":"Chi siamo"},"content":{"rendered":"\t\t<div data-elementor-type=\"wp-post\" data-elementor-id=\"2578\" class=\"elementor elementor-2578\" data-elementor-post-type=\"page\">\n\t\t\t\t\t\t<section class=\"elementor-section elementor-top-section elementor-element elementor-element-19d4da4 elementor-section-boxed elementor-section-height-default elementor-section-height-default\" data-id=\"19d4da4\" data-element_type=\"section\" data-e-type=\"section\">\n\t\t\t\t\t\t<div class=\"elementor-container elementor-column-gap-default\">\n\t\t\t\t\t<div class=\"elementor-column elementor-col-100 elementor-top-column elementor-element elementor-element-51bb69a\" data-id=\"51bb69a\" data-element_type=\"column\" data-e-type=\"column\">\n\t\t\t<div class=\"elementor-widget-wrap elementor-element-populated\">\n\t\t\t\t\t\t<div class=\"elementor-element elementor-element-13d7d1f elementor-widget elementor-widget-text-editor\" data-id=\"13d7d1f\" data-element_type=\"widget\" data-e-type=\"widget\" data-widget_type=\"text-editor.default\">\n\t\t\t\t<div class=\"elementor-widget-container\">\n\t\t\t\t\t\t\t\t\t<p>About<\/p>\t\t\t\t\t\t\t\t<\/div>\n\t\t\t\t<\/div>\n\t\t\t\t<section class=\"elementor-section elementor-inner-section elementor-element elementor-element-86751e8 elementor-section-boxed elementor-section-height-default elementor-section-height-default\" data-id=\"86751e8\" data-element_type=\"section\" data-e-type=\"section\">\n\t\t\t\t\t\t<div class=\"elementor-container elementor-column-gap-default\">\n\t\t\t\t\t<div class=\"elementor-column elementor-col-25 elementor-inner-column elementor-element elementor-element-8d95cee\" data-id=\"8d95cee\" data-element_type=\"column\" data-e-type=\"column\">\n\t\t\t<div class=\"elementor-widget-wrap\">\n\t\t\t\t\t\t\t<\/div>\n\t\t<\/div>\n\t\t\t\t<div class=\"elementor-column elementor-col-25 elementor-inner-column elementor-element elementor-element-440774d\" data-id=\"440774d\" data-element_type=\"column\" data-e-type=\"column\">\n\t\t\t<div class=\"elementor-widget-wrap elementor-element-populated\">\n\t\t\t\t\t\t<div class=\"elementor-element elementor-element-25f15f9 elementor-widget elementor-widget-image\" data-id=\"25f15f9\" data-element_type=\"widget\" data-e-type=\"widget\" data-widget_type=\"image.default\">\n\t\t\t\t<div class=\"elementor-widget-container\">\n\t\t\t\t\t\t\t\t\t\t\t\t\t\t\t<img fetchpriority=\"high\" decoding=\"async\" width=\"300\" height=\"300\" src=\"https:\/\/venicescape.com\/wp-content\/uploads\/2025\/10\/Federico-e-Cristina-300x300.jpg\" class=\"attachment-medium size-medium wp-image-4544\" alt=\"\" srcset=\"https:\/\/venicescape.com\/wp-content\/uploads\/2025\/10\/Federico-e-Cristina-300x300.jpg 300w, https:\/\/venicescape.com\/wp-content\/uploads\/2025\/10\/Federico-e-Cristina-1024x1024.jpg 1024w, https:\/\/venicescape.com\/wp-content\/uploads\/2025\/10\/Federico-e-Cristina-150x150.jpg 150w, https:\/\/venicescape.com\/wp-content\/uploads\/2025\/10\/Federico-e-Cristina-768x768.jpg 768w, https:\/\/venicescape.com\/wp-content\/uploads\/2025\/10\/Federico-e-Cristina.jpg 1200w\" sizes=\"(max-width: 300px) 100vw, 300px\" \/>\t\t\t\t\t\t\t\t\t\t\t\t\t\t\t<\/div>\n\t\t\t\t<\/div>\n\t\t\t\t\t<\/div>\n\t\t<\/div>\n\t\t\t\t<div class=\"elementor-column elementor-col-25 elementor-inner-column elementor-element elementor-element-4c432ac\" data-id=\"4c432ac\" data-element_type=\"column\" data-e-type=\"column\">\n\t\t\t<div class=\"elementor-widget-wrap elementor-element-populated\">\n\t\t\t\t\t\t<div class=\"elementor-element elementor-element-f271121 elementor-widget elementor-widget-image\" data-id=\"f271121\" data-element_type=\"widget\" data-e-type=\"widget\" data-widget_type=\"image.default\">\n\t\t\t\t<div class=\"elementor-widget-container\">\n\t\t\t\t\t\t\t\t\t\t\t\t\t\t\t<img decoding=\"async\" width=\"226\" height=\"300\" src=\"https:\/\/venicescape.com\/wp-content\/uploads\/2025\/10\/venicescape-carlo-alberto-226x300.jpeg\" class=\"attachment-medium size-medium wp-image-4625\" alt=\"\" srcset=\"https:\/\/venicescape.com\/wp-content\/uploads\/2025\/10\/venicescape-carlo-alberto-226x300.jpeg 226w, https:\/\/venicescape.com\/wp-content\/uploads\/2025\/10\/venicescape-carlo-alberto-771x1024.jpeg 771w, https:\/\/venicescape.com\/wp-content\/uploads\/2025\/10\/venicescape-carlo-alberto-768x1020.jpeg 768w, https:\/\/venicescape.com\/wp-content\/uploads\/2025\/10\/venicescape-carlo-alberto.jpeg 800w\" sizes=\"(max-width: 226px) 100vw, 226px\" \/>\t\t\t\t\t\t\t\t\t\t\t\t\t\t\t<\/div>\n\t\t\t\t<\/div>\n\t\t\t\t\t<\/div>\n\t\t<\/div>\n\t\t\t\t<div class=\"elementor-column elementor-col-25 elementor-inner-column elementor-element elementor-element-0d20804\" data-id=\"0d20804\" data-element_type=\"column\" data-e-type=\"column\">\n\t\t\t<div class=\"elementor-widget-wrap\">\n\t\t\t\t\t\t\t<\/div>\n\t\t<\/div>\n\t\t\t\t\t<\/div>\n\t\t<\/section>\n\t\t\t\t<section class=\"elementor-section elementor-inner-section elementor-element elementor-element-1ae1323 elementor-section-boxed elementor-section-height-default elementor-section-height-default\" data-id=\"1ae1323\" data-element_type=\"section\" data-e-type=\"section\">\n\t\t\t\t\t\t<div class=\"elementor-container elementor-column-gap-default\">\n\t\t\t\t\t<div class=\"elementor-column elementor-col-50 elementor-inner-column elementor-element elementor-element-a380c5a\" data-id=\"a380c5a\" data-element_type=\"column\" data-e-type=\"column\">\n\t\t\t<div class=\"elementor-widget-wrap elementor-element-populated\">\n\t\t\t\t\t\t<div class=\"elementor-element elementor-element-6b13333 elementor-widget elementor-widget-text-editor\" data-id=\"6b13333\" data-element_type=\"widget\" data-e-type=\"widget\" data-widget_type=\"text-editor.default\">\n\t\t\t\t<div class=\"elementor-widget-container\">\n\t\t\t\t\t\t\t\t\t<p data-pm-slice=\"1 1 []\">Ogni ospite \u00e8 unico per noi. Il nostro obiettivo, da quando abbiamo iniziato la nostra attivit\u00e0 nel 2007, \u00e8 sempre stato quello di creare case accoglienti e confortevoli, in modo da rendere indimenticabile la vostra vacanza a Venezia.<\/p><p>\u00c8 con questa spinta che noi, Cristina e Federico e, dal 2024, Carlo Alberto, lavoriamo ogni giorno. Vogliamo offrire ai nostri ospiti una vera esperienza veneziana, per farti vivere le atmosfere oniriche della citt\u00e0 millenaria e goderti momenti emozionanti da ricordare con amore.<\/p><p>Abbiamo cercato e selezionato propriet\u00e0 di charme, con terrazze, giardini, cortili privati, con vista sui canali, restaurati nel rispetto della nostra architettura storica e con la massima privacy.<\/p>\t\t\t\t\t\t\t\t<\/div>\n\t\t\t\t<\/div>\n\t\t\t\t\t<\/div>\n\t\t<\/div>\n\t\t\t\t<div class=\"elementor-column elementor-col-50 elementor-inner-column elementor-element elementor-element-e7e555f\" data-id=\"e7e555f\" data-element_type=\"column\" data-e-type=\"column\">\n\t\t\t<div class=\"elementor-widget-wrap elementor-element-populated\">\n\t\t\t\t\t\t<div class=\"elementor-element elementor-element-b9363c4 elementor-widget elementor-widget-text-editor\" data-id=\"b9363c4\" data-element_type=\"widget\" data-e-type=\"widget\" data-widget_type=\"text-editor.default\">\n\t\t\t\t<div class=\"elementor-widget-container\">\n\t\t\t\t\t\t\t\t\t<p data-pm-slice=\"1 1 []\">I nostri appartamenti sono tutti situati nell\u2019antica citt\u00e0 di Venezia e sono facilmente raggiungibili semplicemente camminando o calpestando un \u201cvaporetto\u201d.<br \/><br \/>Ci piace trascorrere del tempo con i nostri ospiti per fornire loro quante pi\u00f9 informazioni possibili sulla citt\u00e0, i suoi angoli nascosti, in modo da poter scoprire i nostri ristoranti preferiti e tutto ci\u00f2 che pu\u00f2 rendere il vostro soggiorno indimenticabile.<br \/><br \/>Hai bisogno di aiuto o di pi\u00f9 informazioni?<\/p>\t\t\t\t\t\t\t\t<\/div>\n\t\t\t\t<\/div>\n\t\t\t\t<div class=\"elementor-element elementor-element-054c7d9 elementor-widget elementor-widget-button\" data-id=\"054c7d9\" data-element_type=\"widget\" data-e-type=\"widget\" data-widget_type=\"button.default\">\n\t\t\t\t<div class=\"elementor-widget-container\">\n\t\t\t\t\t\t\t\t\t<div class=\"elementor-button-wrapper\">\n\t\t\t\t\t<a class=\"elementor-button elementor-button-link elementor-size-sm\" href=\"https:\/\/venicescape.com\/it\/contacts\/\">\n\t\t\t\t\t\t<span class=\"elementor-button-content-wrapper\">\n\t\t\t\t\t\t\t\t\t<span class=\"elementor-button-text\">Contattaci<\/span>\n\t\t\t\t\t<\/span>\n\t\t\t\t\t<\/a>\n\t\t\t\t<\/div>\n\t\t\t\t\t\t\t\t<\/div>\n\t\t\t\t<\/div>\n\t\t\t\t\t<\/div>\n\t\t<\/div>\n\t\t\t\t\t<\/div>\n\t\t<\/section>\n\t\t\t\t\t<\/div>\n\t\t<\/div>\n\t\t\t\t\t<\/div>\n\t\t<\/section>\n\t\t\t\t<section class=\"elementor-section elementor-top-section elementor-element elementor-element-038c920 elementor-section-height-min-height elementor-section-boxed elementor-section-height-default elementor-section-items-middle\" data-id=\"038c920\" data-element_type=\"section\" data-e-type=\"section\" data-settings=\"{&quot;background_background&quot;:&quot;classic&quot;}\">\n\t\t\t\t\t\t\t<div class=\"elementor-background-overlay\"><\/div>\n\t\t\t\t\t\t\t<div class=\"elementor-container elementor-column-gap-default\">\n\t\t\t\t\t<div class=\"elementor-column elementor-col-100 elementor-top-column elementor-element elementor-element-fc25d00\" data-id=\"fc25d00\" data-element_type=\"column\" data-e-type=\"column\">\n\t\t\t<div class=\"elementor-widget-wrap elementor-element-populated\">\n\t\t\t\t\t\t<div class=\"elementor-element elementor-element-7a0e4c9 elementor-widget elementor-widget-text-editor\" data-id=\"7a0e4c9\" data-element_type=\"widget\" data-e-type=\"widget\" data-widget_type=\"text-editor.default\">\n\t\t\t\t<div class=\"elementor-widget-container\">\n\t\t\t\t\t\t\t\t\t<p>\u201cTutti sono convinti che Venezia sia la citt\u00e0 ideale per una luna di miele. Niente di pi\u00f9 sbagliato! Vivere a Venezia o anche solo visitarla vuol direinnamorarsi di questa citt\u00e0, a tal punto da non lasciare pi\u00f9 spazio ad altri amori.\u201d<\/p>\t\t\t\t\t\t\t\t<\/div>\n\t\t\t\t<\/div>\n\t\t\t\t<div class=\"elementor-element elementor-element-1d90a74 elementor-widget elementor-widget-text-editor\" data-id=\"1d90a74\" data-element_type=\"widget\" data-e-type=\"widget\" data-widget_type=\"text-editor.default\">\n\t\t\t\t<div class=\"elementor-widget-container\">\n\t\t\t\t\t\t\t\t\t<p>&#8211; Peggy Guggenheim<\/p>\t\t\t\t\t\t\t\t<\/div>\n\t\t\t\t<\/div>\n\t\t\t\t\t<\/div>\n\t\t<\/div>\n\t\t\t\t\t<\/div>\n\t\t<\/section>\n\t\t\t\t<\/div>\n\t\t","protected":false},"excerpt":{"rendered":"<p>About Ogni ospite \u00e8 unico per noi. Il nostro obiettivo, da quando abbiamo iniziato la nostra attivit\u00e0 nel 2007, \u00e8 sempre stato quello di creare case accoglienti e confortevoli, in modo da rendere indimenticabile la vostra vacanza a Venezia. \u00c8 con questa spinta che noi, Cristina e Federico e, dal 2024, Carlo Alberto, lavoriamo ogni [&hellip;]<\/p>\n","protected":false},"author":1,"featured_media":0,"parent":0,"menu_order":0,"comment_status":"closed","ping_status":"closed","template":"","meta":{"_acf_changed":false,"footnotes":""},"class_list":["post-2578","page","type-page","status-publish","hentry"],"acf":[],"yoast_head":"<!-- This site is optimized with the Yoast SEO plugin v24.7 - https:\/\/yoast.com\/wordpress\/plugins\/seo\/ -->\n<title>Chi siamo - Venicescape<\/title>\n<meta name=\"robots\" content=\"index, follow, max-snippet:-1, max-image-preview:large, max-video-preview:-1\" \/>\n<link rel=\"canonical\" href=\"https:\/\/venicescape.com\/it\/about-us\/\" \/>\n<meta property=\"og:locale\" content=\"it_IT\" \/>\n<meta property=\"og:type\" content=\"article\" \/>\n<meta property=\"og:title\" content=\"Chi siamo - Venicescape\" \/>\n<meta property=\"og:description\" content=\"About Ogni ospite \u00e8 unico per noi. Il nostro obiettivo, da quando abbiamo iniziato la nostra attivit\u00e0 nel 2007, \u00e8 sempre stato quello di creare case accoglienti e confortevoli, in modo da rendere indimenticabile la vostra vacanza a Venezia. \u00c8 con questa spinta che noi, Cristina e Federico e, dal 2024, Carlo Alberto, lavoriamo ogni [&hellip;]\" \/>\n<meta property=\"og:url\" content=\"https:\/\/venicescape.com\/it\/about-us\/\" \/>\n<meta property=\"og:site_name\" content=\"Venicescape\" \/>\n<meta property=\"article:modified_time\" content=\"2025-10-09T09:56:45+00:00\" \/>\n<meta property=\"og:image\" content=\"https:\/\/venicescape.com\/wp-content\/uploads\/2025\/10\/Federico-e-Cristina.jpg\" \/>\n\t<meta property=\"og:image:width\" content=\"1200\" \/>\n\t<meta property=\"og:image:height\" content=\"1200\" \/>\n\t<meta property=\"og:image:type\" content=\"image\/jpeg\" \/>\n<meta name=\"twitter:card\" content=\"summary_large_image\" \/>\n<meta name=\"twitter:label1\" content=\"Tempo di lettura stimato\" \/>\n\t<meta name=\"twitter:data1\" content=\"2 minuti\" \/>\n<script type=\"application\/ld+json\" class=\"yoast-schema-graph\">{\"@context\":\"https:\/\/schema.org\",\"@graph\":[{\"@type\":\"WebPage\",\"@id\":\"https:\/\/venicescape.com\/it\/about-us\/\",\"url\":\"https:\/\/venicescape.com\/it\/about-us\/\",\"name\":\"Chi siamo - Venicescape\",\"isPartOf\":{\"@id\":\"https:\/\/venicescape.com\/it\/#website\"},\"primaryImageOfPage\":{\"@id\":\"https:\/\/venicescape.com\/it\/about-us\/#primaryimage\"},\"image\":{\"@id\":\"https:\/\/venicescape.com\/it\/about-us\/#primaryimage\"},\"thumbnailUrl\":\"https:\/\/venicescape.com\/wp-content\/uploads\/2025\/10\/Federico-e-Cristina-300x300.jpg\",\"datePublished\":\"2023-04-12T07:17:17+00:00\",\"dateModified\":\"2025-10-09T09:56:45+00:00\",\"breadcrumb\":{\"@id\":\"https:\/\/venicescape.com\/it\/about-us\/#breadcrumb\"},\"inLanguage\":\"it-IT\",\"potentialAction\":[{\"@type\":\"ReadAction\",\"target\":[\"https:\/\/venicescape.com\/it\/about-us\/\"]}]},{\"@type\":\"ImageObject\",\"inLanguage\":\"it-IT\",\"@id\":\"https:\/\/venicescape.com\/it\/about-us\/#primaryimage\",\"url\":\"https:\/\/venicescape.com\/wp-content\/uploads\/2025\/10\/Federico-e-Cristina-300x300.jpg\",\"contentUrl\":\"https:\/\/venicescape.com\/wp-content\/uploads\/2025\/10\/Federico-e-Cristina-300x300.jpg\"},{\"@type\":\"BreadcrumbList\",\"@id\":\"https:\/\/venicescape.com\/it\/about-us\/#breadcrumb\",\"itemListElement\":[{\"@type\":\"ListItem\",\"position\":1,\"name\":\"Home\",\"item\":\"https:\/\/venicescape.com\/it\/\"},{\"@type\":\"ListItem\",\"position\":2,\"name\":\"Chi siamo\"}]},{\"@type\":\"WebSite\",\"@id\":\"https:\/\/venicescape.com\/it\/#website\",\"url\":\"https:\/\/venicescape.com\/it\/\",\"name\":\"Venicescape\",\"description\":\"Our homes, our feelings.\",\"publisher\":{\"@id\":\"https:\/\/venicescape.com\/it\/#organization\"},\"potentialAction\":[{\"@type\":\"SearchAction\",\"target\":{\"@type\":\"EntryPoint\",\"urlTemplate\":\"https:\/\/venicescape.com\/it\/?s={search_term_string}\"},\"query-input\":{\"@type\":\"PropertyValueSpecification\",\"valueRequired\":true,\"valueName\":\"search_term_string\"}}],\"inLanguage\":\"it-IT\"},{\"@type\":\"Organization\",\"@id\":\"https:\/\/venicescape.com\/it\/#organization\",\"name\":\"Venicescape\",\"url\":\"https:\/\/venicescape.com\/it\/\",\"logo\":{\"@type\":\"ImageObject\",\"inLanguage\":\"it-IT\",\"@id\":\"https:\/\/venicescape.com\/it\/#\/schema\/logo\/image\/\",\"url\":\"https:\/\/venicescape.com\/wp-content\/uploads\/2023\/05\/cropped-Logo-Venicescape-Main-on-white.png\",\"contentUrl\":\"https:\/\/venicescape.com\/wp-content\/uploads\/2023\/05\/cropped-Logo-Venicescape-Main-on-white.png\",\"width\":500,\"height\":169,\"caption\":\"Venicescape\"},\"image\":{\"@id\":\"https:\/\/venicescape.com\/it\/#\/schema\/logo\/image\/\"}}]}<\/script>\n<!-- \/ Yoast SEO plugin. -->","yoast_head_json":{"title":"Chi siamo - Venicescape","robots":{"index":"index","follow":"follow","max-snippet":"max-snippet:-1","max-image-preview":"max-image-preview:large","max-video-preview":"max-video-preview:-1"},"canonical":"https:\/\/venicescape.com\/it\/about-us\/","og_locale":"it_IT","og_type":"article","og_title":"Chi siamo - Venicescape","og_description":"About Ogni ospite \u00e8 unico per noi. Il nostro obiettivo, da quando abbiamo iniziato la nostra attivit\u00e0 nel 2007, \u00e8 sempre stato quello di creare case accoglienti e confortevoli, in modo da rendere indimenticabile la vostra vacanza a Venezia. \u00c8 con questa spinta che noi, Cristina e Federico e, dal 2024, Carlo Alberto, lavoriamo ogni [&hellip;]","og_url":"https:\/\/venicescape.com\/it\/about-us\/","og_site_name":"Venicescape","article_modified_time":"2025-10-09T09:56:45+00:00","og_image":[{"width":1200,"height":1200,"url":"https:\/\/venicescape.com\/wp-content\/uploads\/2025\/10\/Federico-e-Cristina.jpg","type":"image\/jpeg"}],"twitter_card":"summary_large_image","twitter_misc":{"Tempo di lettura stimato":"2 minuti"},"schema":{"@context":"https:\/\/schema.org","@graph":[{"@type":"WebPage","@id":"https:\/\/venicescape.com\/it\/about-us\/","url":"https:\/\/venicescape.com\/it\/about-us\/","name":"Chi siamo - Venicescape","isPartOf":{"@id":"https:\/\/venicescape.com\/it\/#website"},"primaryImageOfPage":{"@id":"https:\/\/venicescape.com\/it\/about-us\/#primaryimage"},"image":{"@id":"https:\/\/venicescape.com\/it\/about-us\/#primaryimage"},"thumbnailUrl":"https:\/\/venicescape.com\/wp-content\/uploads\/2025\/10\/Federico-e-Cristina-300x300.jpg","datePublished":"2023-04-12T07:17:17+00:00","dateModified":"2025-10-09T09:56:45+00:00","breadcrumb":{"@id":"https:\/\/venicescape.com\/it\/about-us\/#breadcrumb"},"inLanguage":"it-IT","potentialAction":[{"@type":"ReadAction","target":["https:\/\/venicescape.com\/it\/about-us\/"]}]},{"@type":"ImageObject","inLanguage":"it-IT","@id":"https:\/\/venicescape.com\/it\/about-us\/#primaryimage","url":"https:\/\/venicescape.com\/wp-content\/uploads\/2025\/10\/Federico-e-Cristina-300x300.jpg","contentUrl":"https:\/\/venicescape.com\/wp-content\/uploads\/2025\/10\/Federico-e-Cristina-300x300.jpg"},{"@type":"BreadcrumbList","@id":"https:\/\/venicescape.com\/it\/about-us\/#breadcrumb","itemListElement":[{"@type":"ListItem","position":1,"name":"Home","item":"https:\/\/venicescape.com\/it\/"},{"@type":"ListItem","position":2,"name":"Chi siamo"}]},{"@type":"WebSite","@id":"https:\/\/venicescape.com\/it\/#website","url":"https:\/\/venicescape.com\/it\/","name":"Venicescape","description":"Our homes, our feelings.","publisher":{"@id":"https:\/\/venicescape.com\/it\/#organization"},"potentialAction":[{"@type":"SearchAction","target":{"@type":"EntryPoint","urlTemplate":"https:\/\/venicescape.com\/it\/?s={search_term_string}"},"query-input":{"@type":"PropertyValueSpecification","valueRequired":true,"valueName":"search_term_string"}}],"inLanguage":"it-IT"},{"@type":"Organization","@id":"https:\/\/venicescape.com\/it\/#organization","name":"Venicescape","url":"https:\/\/venicescape.com\/it\/","logo":{"@type":"ImageObject","inLanguage":"it-IT","@id":"https:\/\/venicescape.com\/it\/#\/schema\/logo\/image\/","url":"https:\/\/venicescape.com\/wp-content\/uploads\/2023\/05\/cropped-Logo-Venicescape-Main-on-white.png","contentUrl":"https:\/\/venicescape.com\/wp-content\/uploads\/2023\/05\/cropped-Logo-Venicescape-Main-on-white.png","width":500,"height":169,"caption":"Venicescape"},"image":{"@id":"https:\/\/venicescape.com\/it\/#\/schema\/logo\/image\/"}}]}},"_links":{"self":[{"href":"https:\/\/venicescape.com\/it\/wp-json\/wp\/v2\/pages\/2578","targetHints":{"allow":["GET"]}}],"collection":[{"href":"https:\/\/venicescape.com\/it\/wp-json\/wp\/v2\/pages"}],"about":[{"href":"https:\/\/venicescape.com\/it\/wp-json\/wp\/v2\/types\/page"}],"author":[{"embeddable":true,"href":"https:\/\/venicescape.com\/it\/wp-json\/wp\/v2\/users\/1"}],"replies":[{"embeddable":true,"href":"https:\/\/venicescape.com\/it\/wp-json\/wp\/v2\/comments?post=2578"}],"version-history":[{"count":4,"href":"https:\/\/venicescape.com\/it\/wp-json\/wp\/v2\/pages\/2578\/revisions"}],"predecessor-version":[{"id":4635,"href":"https:\/\/venicescape.com\/it\/wp-json\/wp\/v2\/pages\/2578\/revisions\/4635"}],"wp:attachment":[{"href":"https:\/\/venicescape.com\/it\/wp-json\/wp\/v2\/media?parent=2578"}],"curies":[{"name":"wp","href":"https:\/\/api.w.org\/{rel}","templated":true}]}}